{"id":209,"date":"2025-12-04T17:53:32","date_gmt":"2025-12-04T17:53:32","guid":{"rendered":"https:\/\/hydrosphereinnovation.com\/pure-water-cleaning-products\/black-knight-poles\/"},"modified":"2026-04-09T19:19:50","modified_gmt":"2026-04-09T19:19:50","slug":"black-knight-poles","status":"publish","type":"page","link":"https:\/\/hydrosphereinnovation.com\/en\/pure-water-cleaning-products\/black-knight-poles\/","title":{"rendered":"Black Knight\u00ae Poles"},"content":{"rendered":"\n\n\t\t\t<h4>Category 2 | Black Knight\u2122 Pure Water Poles<\/h4><h1>Precision and performance at your fingertips.<\/h1>\t\t\t\n\t\t\t\t<h5>Black Knight\u2122 poles are designed for demanding professionals. <\/h5>\n<p>Our poles, made from 100% high-quality carbon fiber, combine lightness, rigidity, and durability. Available in round or oval versions, they adapt to all pure water cleaning needs. <\/p>\n\t\t\t<a href=\"#rondes\" target=\"_self\"  aria-label=\"Round poles\">\n\t\t\t\t\t\t\t\tRound poles \n\t\t\t\t\t\t\t<\/a>\n\t\t\t\t\tor\t\t\t\t\n\t\t\t<a href=\"#ovales\" target=\"_self\"  aria-label=\"Oval poles\">\n\t\t\t\t\t\t\t\tOval poles\n\t\t\t\t\t\t\t<\/a>\n<h2>\n\t\t\tWhy choose Black Knight\u2122 poles?\t<\/h2>\n\t<ul>\n\t\t<li>\t\t\t\t\n\t\t<h4>Made from high-end carbon fiber<\/h4><\/li><li>\t\t\t\t\n\t\t<h4>Innovative and reliable tightening system<\/h4><\/li>\t<\/ul>\n\t<ul>\n\t\t<li>\t\t\t\t\n\t\t<h4>Interchangeable tips and extensions available<\/h4><\/li><li>\t\t\t\t\n\t\t<h4>A perfect balance between weight and rigidity<\/h4><\/li>\t<\/ul>\n\t<h2>\n\t\t\t\tRound poles\n\t\t\t<\/h2>\n\t\t\t<h4>Black Knight\u2122 Poles<\/h4><h3>29 FT Carbon <\/h3>\t\t\t\n\t\t\t\t<h5>(MSRP: $734.99)<\/h5>\n<p>Product code : 84-30-30<\/p>\n<p>Designed for maneuverability and durability, the Black Knight\u00ae round pole is the number one choice of pure water cleaning professionals.<\/p>\n\t\t\t\t\t\t<h5>Features<\/h5>\n\t\t\t<ul>\n<li>100% Black Knight\u00ae carbon master pole<\/li>\n<li>Range of 29 feet (8.84 m)<\/li>\n<li>Lightweight and rigid, with the option to add 10-foot sections<\/li>\n<li>Surpasses most poles on the market at higher prices<\/li>\n<li>Clips de retenues de derni\u00e8re g\u00e9n\u00e9ration<\/li>\n<li>High-end protective cap<\/li>\n<li>Closed length: 1.45 m (57 inches)<\/li>\n<li>Weight: 2.09 kg (4.6 lbs)<\/li>\n<li>Warranty: One (1) year<\/li>\n<\/ul>\n\t\t\t<h4>Perche Black Knight\u2122<\/h4><h3>39 FT Carbon <\/h3>\t\t\t\n\t\t\t\t<h5>(MSRP: $944.99)<\/h5>\n<p>Product code : 84-30-31<\/p>\n<p>Designed for maneuverability and durability, the Black Knight\u00ae round pole is the number one choice of pure water cleaning professionals.<\/p>\n\t\t\t\t\t\t<h5>Features<\/h5>\n\t\t\t<ul>\n<li>100% Black Knight\u00ae carbon master pole<\/li>\n<li>39-foot span in eight (8) sections<\/li>\n<li>Lightweight and rigid<\/li>\n<li>Option to add 10-foot sections sold separately<\/li>\n<li>Weight: 2.27 kg (5.8 lbs)<\/li>\n<\/ul>\n\t\t\t<h4>Black Knight\u2122 Poles<\/h4><h3>49 FT Carbon <\/h3>\t\t\t\n\t\t\t\t<h5>(MSRP: &#8212;-$)<\/h5>\n<p>Product code : 84-30-36<\/p>\n<p>BlackKnight\u2122 49-foot pole made from 100% carbon fiber, combining lightness and rigidity. Consisting of a 39-foot main pole (42-foot reach) and a 10-foot extension for greater stability when reaching higher. <\/p>\n\t\t\t\t\t\t<h5>Features<\/h5>\n\t\t\t<ul>\n<li>49-foot set | 39-foot master pole + 10-foot extension<\/li>\n<li>100% carbon fiber main pole, seven (7) sections, lightweight and rigid<\/li>\n<li>Reach of the master pole: 42 feet<\/li>\n<li>Folded length: 1.78 m (75 in.)<\/li>\n<li>Weight: 2.27 kg (5.8 lbs)<\/li>\n<\/ul>\n\t\t\t<h4>Black Knight\u2122 Poles<\/h4><h3>59 FT Carbon <\/h3>\t\t\t\n\t\t\t\t<h5>(MSRP: &#8212;-$)<\/h5>\n<p>Product code : 84-30-37<\/p>\n<p>Combining lightness and rigidity, this pole offers you an exceptional reach of 59 feet. Consisting of a 39-foot master pole (42-foot reach) and two 10-foot extensions, it allows you to reach inaccessible heights with complete stability. <\/p>\n\t\t\t\t\t\t<h5>Features<\/h5>\n\t\t\t<ul>\n<li>49-foot set | 39-foot master pole + two (2) 10-foot extensions<\/li>\n<li>Range: 59 feet<\/li>\n<li>Main pole: 39 feet, seven (7) sections, lightweight and rigid<\/li>\n<li>Poids : 2,27 kg (5,8 lbs)<\/li>\n<li>Folded length: 1.78 m (75 in.)<\/li>\n<\/ul>\n\t\t\t<h4>Perche Black Knight\u2122<\/h4><h3>59 FT Ultra HiMod <\/h3>\t\t\t\n\t\t\t\t<h5>(MSRP: $4,723.95)<\/h5>\n<p>Product code : 84-50-54<\/p>\n<p>Designed for maneuverability and durability, the Black Knight\u2122 round pole is the number one choice of pure water cleaning professionals.<\/p>\n\t\t\t<h4>Perche Black Knight\u2122<\/h4><h3>69 FT Ultra HiMod <\/h3>\t\t\t\n\t\t\t\t<h5>(MSRP: $5,879.99)<\/h5>\n<p>Product code : 84-50-55<\/p>\n<p>Designed for maneuverability and durability, the Black Knight\u2122 round pole is the number one choice of pure water cleaning professionals.<\/p>\n\t\t\t<h4>Black Knight\u2122<\/h4><h3>Ext. 11 FT Carbon  <\/h3>\t\t\t\n\t\t\t\t<h5>(MSRP: $314.99)<\/h5>\n<p>Product code: 84-30-32<\/p>\n<p>Add an 11-foot carbon fiber extension to your Black Knight\u2122 pole. Ultra-lightweight and rigid, this extension offers exceptional strength. Also compatible with existing extensions.  <\/p>\n\t\t\t\t\t\t<h5>Features<\/h5>\n\t\t\t<ul>\n<li>Metal lever and anti-loosening mechanism<\/li>\n<li>100% carbon fiber<\/li>\n<li>Ultra-lightweight and rigid<\/li>\n<li>Removable threaded tip and protective cap<\/li>\n<li>Protective cap on each section<\/li>\n<\/ul>\n\t<h2>\n\t\t\t\tOval poles\n\t\t\t<\/h2>\n\t\t\t<h4>Black Knight Rider\u2122<\/h4><h3>29 FT Carbon <\/h3>\t\t\t\n\t\t\t\t<h5>(MSRP: $944.99)<\/h5>\n<p>Product code : 84-30-60<\/p>\n<p>Unmatched rigidity thanks to Oval Tech technology. The 29-foot Black Knight Rider\u2122 pole stands out with its oval design, which significantly increases rigidity and control. Ideal for extreme heights.  <\/p>\n\t\t\t\t\t\t<h5>Features<\/h5>\n\t\t\t<ul>\n<li>100% carbon fiber<\/li>\n<li>Oval Tech Technology<\/li>\n<li>Ultra-lightweight and rigid<\/li>\n<li>Anti-loosening mechanism<\/li>\n<li>Removable threaded tip and protective cap<\/li>\n<li>Protective cap on each section<\/li>\n<li>Compatible extensions<\/li>\n<\/ul>\n\t\t\t<h4>Black Knight Rider\u2122<\/h4><h3>39 FT Carbon <\/h3>\t\t\t\n\t\t\t\t<h5>(MSRP: $1,217.99)<\/h5>\n<p>Product code : 84-30-61<\/p>\n<p>Unmatched rigidity thanks to Oval Tech technology. The 39-foot Black Knight Rider\u2122 pole stands out with its oval design, which significantly increases rigidity and control. Ideal for extreme heights.  <\/p>\n\t\t\t\t\t\t<h5>Features<\/h5>\n\t\t\t<ul>\n<li>100% carbon fiber<\/li>\n<li>Oval Tech Technology<\/li>\n<li>Ultra-lightweight and rigid<\/li>\n<li>Anti-loosening mechanism<\/li>\n<li>Removable threaded tip and protective cap<\/li>\n<li>Protective cap on each section<\/li>\n<li>Compatible extensions<\/li>\n<\/ul>\n\t\t\t<h4>Black Knight Rider\u2122<\/h4><h3>Ext. 11 FT Carbon  <\/h3>\t\t\t\n\t\t\t\t<h5>(MSRP: $451.49)<\/h5>\n<p>Product Code : 84-30-62<\/p>\n<p>Add an 11-foot carbon fiber extension to your Black Knight Rider\u2122 pole. Ultra-lightweight and rigid, this extension offers exceptional strength. Also compatible with existing extensions.  <\/p>\n\t\t\t\t\t\t<h5>Features<\/h5>\n\t\t\t<ul>\n<li>Metal lever and anti-loosening mechanism<\/li>\n<li>100% carbon fiber<\/li>\n<li>Ultra-lightweight and rigid<\/li>\n<li>Removable threaded tip and protective cap<\/li>\n<li>Protective cap on each section<\/li>\n<\/ul>\n<h2>\n\t\t\tCheck out our other pure water products\t<\/h2>\n\t\t\t<a href=\"https:\/\/hydrosphereinnovation.com\/en\/pure-water-cleaning-products\/purification-systems\/\" target=\"_self\"  aria-label=\"Purification Systems\">\n\t\t\t\t\t\t\t\tPurification Systems \n\t\t\t\t\t\t\t<\/a>\n\t\t\t\t\tor\t\t\t\t\n\t\t\t<a href=\"https:\/\/hydrosphereinnovation.com\/en\/pure-water-cleaning-products\/brushes\/\" target=\"_self\"  aria-label=\"INNO Brushes\">\n\t\t\t\t\t\t\t\tINNO Brushes\n\t\t\t\t\t\t\t<\/a>\n\n","protected":false},"excerpt":{"rendered":"<p>Category 2 | Black Knight\u2122 Pure Water Poles Precision and performance at your fingertips. Black Knight\u2122 poles are designed for [&hellip;]<\/p>\n","protected":false},"author":1,"featured_media":0,"parent":189,"menu_order":0,"comment_status":"closed","ping_status":"closed","template":"","meta":{"site-sidebar-layout":"default","site-content-layout":"","ast-site-content-layout":"full-width-container","site-content-style":"default","site-sidebar-style":"default","ast-global-header-display":"","ast-banner-title-visibility":"","ast-main-header-display":"","ast-hfb-above-header-display":"","ast-hfb-below-header-display":"","ast-hfb-mobile-header-display":"","site-post-title":"disabled","ast-breadcrumbs-content":"","ast-featured-img":"","footer-sml-layout":"","ast-disable-related-posts":"","theme-transparent-header-meta":"","adv-header-id-meta":"","stick-header-meta":"","header-above-stick-meta":"","header-main-stick-meta":"","header-below-stick-meta":"","astra-migrate-meta-layouts":"default","ast-page-background-enabled":"default","ast-page-background-meta":{"desktop":{"background-color":"var(--ast-global-color-5)","background-image":"","background-repeat":"repeat","background-position":"center center","background-size":"auto","background-attachment":"scroll","background-type":"","background-media":"","overlay-type":"","overlay-color":"","overlay-opacity":"","overlay-gradient":""},"tablet":{"background-color":"","background-image":"","background-repeat":"repeat","background-position":"center center","background-size":"auto","background-attachment":"scroll","background-type":"","background-media":"","overlay-type":"","overlay-color":"","overlay-opacity":"","overlay-gradient":""},"mobile":{"background-color":"","background-image":"","background-repeat":"repeat","background-position":"center center","background-size":"auto","background-attachment":"scroll","background-type":"","background-media":"","overlay-type":"","overlay-color":"","overlay-opacity":"","overlay-gradient":""}},"ast-content-background-meta":{"desktop":{"background-color":"var(--ast-global-color-4)","background-image":"","background-repeat":"repeat","background-position":"center center","background-size":"auto","background-attachment":"scroll","background-type":"","background-media":"","overlay-type":"","overlay-color":"","overlay-opacity":"","overlay-gradient":""},"tablet":{"background-color":"var(--ast-global-color-4)","background-image":"","background-repeat":"repeat","background-position":"center center","background-size":"auto","background-attachment":"scroll","background-type":"","background-media":"","overlay-type":"","overlay-color":"","overlay-opacity":"","overlay-gradient":""},"mobile":{"background-color":"var(--ast-global-color-4)","background-image":"","background-repeat":"repeat","background-position":"center center","background-size":"auto","background-attachment":"scroll","background-type":"","background-media":"","overlay-type":"","overlay-color":"","overlay-opacity":"","overlay-gradient":""}},"footnotes":""},"class_list":["post-209","page","type-page","status-publish","hentry"],"_links":{"self":[{"href":"https:\/\/hydrosphereinnovation.com\/en\/wp-json\/wp\/v2\/pages\/209","targetHints":{"allow":["GET"]}}],"collection":[{"href":"https:\/\/hydrosphereinnovation.com\/en\/wp-json\/wp\/v2\/pages"}],"about":[{"href":"https:\/\/hydrosphereinnovation.com\/en\/wp-json\/wp\/v2\/types\/page"}],"author":[{"embeddable":true,"href":"https:\/\/hydrosphereinnovation.com\/en\/wp-json\/wp\/v2\/users\/1"}],"replies":[{"embeddable":true,"href":"https:\/\/hydrosphereinnovation.com\/en\/wp-json\/wp\/v2\/comments?post=209"}],"version-history":[{"count":2,"href":"https:\/\/hydrosphereinnovation.com\/en\/wp-json\/wp\/v2\/pages\/209\/revisions"}],"predecessor-version":[{"id":331,"href":"https:\/\/hydrosphereinnovation.com\/en\/wp-json\/wp\/v2\/pages\/209\/revisions\/331"}],"up":[{"embeddable":true,"href":"https:\/\/hydrosphereinnovation.com\/en\/wp-json\/wp\/v2\/pages\/189"}],"wp:attachment":[{"href":"https:\/\/hydrosphereinnovation.com\/en\/wp-json\/wp\/v2\/media?parent=209"}],"curies":[{"name":"wp","href":"https:\/\/api.w.org\/{rel}","templated":true}]}}